{"id":27,"date":"2020-10-04T13:27:59","date_gmt":"2020-10-04T13:27:59","guid":{"rendered":"https:\/\/sfandreifalticeni.ro\/nou\/?page_id=27"},"modified":"2020-10-04T13:35:16","modified_gmt":"2020-10-04T13:35:16","slug":"contact","status":"publish","type":"page","link":"https:\/\/sfandreifalticeni.ro\/nou\/contact\/","title":{"rendered":"Contact"},"content":{"rendered":"<h2>A\u0219ez\u0103m\u00e2ntul de Asisten\u021b\u0103 Social\u0103 &#8222;Sf. Ap. Andrei&#8221; F\u0103lticeni<\/h2>\n<p style=\"margin: 0cm; margin-bottom: .0001pt;\"><strong><span style=\"font-size: 13.5pt; font-family: 'Arial','sans-serif'; color: black;\">Preot ic. stav. Lungu Gheorghe<\/span><\/strong><span style=\"font-size: 13.5pt; font-family: 'Arial','sans-serif'; color: black;\">, tel. 0745.453.027<\/span><\/p>\n<p style=\"margin: 0cm; margin-bottom: .0001pt; font-variant-ligatures: normal; font-variant-caps: normal; orphans: 2; text-align: start; widows: 2; -webkit-text-stroke-width: 0px; text-decoration-style: initial; text-decoration-color: initial; word-spacing: 0px;\"><span style=\"font-family: 'Arial','sans-serif'; color: black;\">email: gheorghe_lungu@yahoo.com<\/span><\/p>\n<p style=\"margin: 0cm; margin-bottom: .0001pt; font-variant-ligatures: normal; font-variant-caps: normal; orphans: 2; text-align: start; widows: 2; -webkit-text-stroke-width: 0px; text-decoration-style: initial; text-decoration-color: initial; word-spacing: 0px;\"><strong><span style=\"font-family: 'Arial','sans-serif'; color: black;\">Preot slujitor: Lungu Alexandru<\/span><\/strong><span style=\"font-family: 'Arial','sans-serif'; color: black;\">, tel: 0799.828.026\u00a0<\/span><\/p>\n","protected":false},"excerpt":{"rendered":"<p>A\u0219ez\u0103m\u00e2ntul de Asisten\u021b\u0103 Social\u0103 &#8222;Sf. Ap. Andrei&#8221; F\u0103lticeni Preot ic. stav. Lungu Gheorghe, tel. 0745.453.027 email: gheorghe_lungu@yahoo.com Preot slujitor: Lungu Alexandru, tel: 0799.828.026\u00a0<\/p>\n","protected":false},"author":1,"featured_media":0,"parent":0,"menu_order":0,"comment_status":"closed","ping_status":"closed","template":"","meta":[],"_links":{"self":[{"href":"https:\/\/sfandreifalticeni.ro\/nou\/wp-json\/wp\/v2\/pages\/27"}],"collection":[{"href":"https:\/\/sfandreifalticeni.ro\/nou\/wp-json\/wp\/v2\/pages"}],"about":[{"href":"https:\/\/sfandreifalticeni.ro\/nou\/wp-json\/wp\/v2\/types\/page"}],"author":[{"embeddable":true,"href":"https:\/\/sfandreifalticeni.ro\/nou\/wp-json\/wp\/v2\/users\/1"}],"replies":[{"embeddable":true,"href":"https:\/\/sfandreifalticeni.ro\/nou\/wp-json\/wp\/v2\/comments?post=27"}],"version-history":[{"count":2,"href":"https:\/\/sfandreifalticeni.ro\/nou\/wp-json\/wp\/v2\/pages\/27\/revisions"}],"predecessor-version":[{"id":32,"href":"https:\/\/sfandreifalticeni.ro\/nou\/wp-json\/wp\/v2\/pages\/27\/revisions\/32"}],"wp:attachment":[{"href":"https:\/\/sfandreifalticeni.ro\/nou\/wp-json\/wp\/v2\/media?parent=27"}],"curies":[{"name":"wp","href":"https:\/\/api.w.org\/{rel}","templated":true}]}}