{"id":51,"date":"2020-10-05T07:00:57","date_gmt":"2020-10-05T07:00:57","guid":{"rendered":"https:\/\/sfandreifalticeni.ro\/nou\/?page_id=51"},"modified":"2020-10-15T16:48:01","modified_gmt":"2020-10-15T16:48:01","slug":"program-liturgic","status":"publish","type":"page","link":"https:\/\/sfandreifalticeni.ro\/nou\/program-liturgic\/","title":{"rendered":"Program liturgic"},"content":{"rendered":"\n<p>Zilnic, de Duminic\u0103 p\u00e2n\u0103 joi, de la ora 18.00 &#8211; Slujba acatistului.<\/p>\n\n\n\n<p>Vineri, de la ora 8.00 &#8211; Slujba Ceasurilor \u0219i Sf. Liturghie<\/p>\n\n\n\n<p>                       ora 17.00 &#8211; Slujba Aghiasmei mici \u0219i Taina Sf, Maslu<\/p>\n\n\n\n<p>S\u00e2mb\u0103t\u0103 &#8211; ora 08.00 &#8211; Slujba Ceasurilor, Sf. Liturghie \u0219i Parastase<\/p>\n\n\n\n<p>                 &#8211; ora 18.00 &#8211;  Slujba Vecerniei<\/p>\n\n\n\n<p>Duminic\u0103 &#8211; ora 07.30 &#8211; Utrenia \u0219i Sf. Liturghie<\/p>\n\n\n\n<p><\/p>\n","protected":false},"excerpt":{"rendered":"<p>Zilnic, de Duminic\u0103 p\u00e2n\u0103 joi, de la ora 18.00 &#8211; Slujba acatistului. Vineri, de la ora 8.00 &#8211; Slujba Ceasurilor \u0219i Sf. Liturghie ora 17.00 &#8211; Slujba Aghiasmei mici \u0219i Taina Sf, Maslu S\u00e2mb\u0103t\u0103 &#8211; ora 08.00 &#8211; Slujba Ceasurilor, <a href=\"https:\/\/sfandreifalticeni.ro\/nou\/program-liturgic\/\" class=\"read-more\">Cite\u0219te mai multe &#8230;<\/a><\/p>\n","protected":false},"author":1,"featured_media":0,"parent":0,"menu_order":0,"comment_status":"closed","ping_status":"closed","template":"","meta":[],"_links":{"self":[{"href":"https:\/\/sfandreifalticeni.ro\/nou\/wp-json\/wp\/v2\/pages\/51"}],"collection":[{"href":"https:\/\/sfandreifalticeni.ro\/nou\/wp-json\/wp\/v2\/pages"}],"about":[{"href":"https:\/\/sfandreifalticeni.ro\/nou\/wp-json\/wp\/v2\/types\/page"}],"author":[{"embeddable":true,"href":"https:\/\/sfandreifalticeni.ro\/nou\/wp-json\/wp\/v2\/users\/1"}],"replies":[{"embeddable":true,"href":"https:\/\/sfandreifalticeni.ro\/nou\/wp-json\/wp\/v2\/comments?post=51"}],"version-history":[{"count":3,"href":"https:\/\/sfandreifalticeni.ro\/nou\/wp-json\/wp\/v2\/pages\/51\/revisions"}],"predecessor-version":[{"id":63,"href":"https:\/\/sfandreifalticeni.ro\/nou\/wp-json\/wp\/v2\/pages\/51\/revisions\/63"}],"wp:attachment":[{"href":"https:\/\/sfandreifalticeni.ro\/nou\/wp-json\/wp\/v2\/media?parent=51"}],"curies":[{"name":"wp","href":"https:\/\/api.w.org\/{rel}","templated":true}]}}